{"id":96,"date":"2016-08-04T17:20:55","date_gmt":"2016-08-04T17:20:55","guid":{"rendered":"http:\/\/beate-gerstenberger-ratzeburg.de\/?page_id=96"},"modified":"2019-06-20T08:48:21","modified_gmt":"2019-06-20T08:48:21","slug":"kontakt","status":"publish","type":"page","link":"https:\/\/beate-gerstenberger-ratzeburg.de\/?page_id=96","title":{"rendered":"Kontakt"},"content":{"rendered":"<h4>Haben Sie Fragen&#8230;<\/h4>\n<p>\u00a0<\/p>\n<h4>&#8230; rund um die Themen Hochbegabung, \u00fcberdurchschnittliche, besondere Begabung, zu Intelligenztests oder weiterer Diagnostik?<\/h4>\n<p>\u00a0<\/p>\n<h4>&#8230; m\u00f6chten Sie mehr zu meinem neuen Buch wissen oder zu anderen Ver\u00f6ffentlichungen?<\/h4>\n<p>\u00a0<\/p>\n<h4>&#8230; oder einfach nur zu meiner Arbeit oder meiner Person?<\/h4>\n<p>\u00a0<\/p>\n<p><a class=\"cm_anchor\" href=\"mailto:info%40infobeg.de?subject=Anfrage&amp;body=Meine%20Nachricht\">Mailen<\/a> Sie mir oder rufen Sie mich an unter 02302\/3952919.<\/p>\n<p>Oder schreiben Sie mir unter<\/p>\n<p>Dr. Beate Gerstenberger-Ratzeburg, Wandweg 1, 44149 Dortmund.<\/p>\n<p>Ich melde mich auf jeden Fall bei Ihnen, auch wenn es mal l\u00e4nger dauert.<\/p>\n<p>M\u00f6chten Sie kein Kontaktformular ausf\u00fcllen? Dann senden Sie mir direkt eine Email.<\/p>\n<p>Sie erreichen mich unter <span class=\"cm_anchor\"><a class=\"cm_anchor\" href=\"mailto:info%40infobeg.de?subject=Kontakt&amp;body=Bitte%20senden%20Sie%20uns%20eine%20Mail%20Wir%20antworten%20schnellstm%C3%B6glich.\">info@infobeg.de.<\/a><\/span><\/p>\n<div id=\"form_1428572979606_130647_introtext\">Ich freue mich \u00fcber Ihre Nachricht.<\/div>\n<div>\u00a0<\/div>\n<div id=\"widgetcontainer_STRATP_cm4all_com_widgets_Formular_1526870\" class=\"cm_widget_block cm_widget cm4all_com_widgets_Formular cm_widget_block_center cm-pixel-large\">\n<div class=\"formWidget\">\n<div id=\"form_1428572979606_130647_answertext\" class=\"MicrosoftMap MapTypeId_auto medium\">\u00a0<\/div>\n<\/div>\n<\/div>\n<div class=\"clearFloating\">\u00a0<\/div>\n<div id=\"widgetcontainer_STRATP_cm4all_com_widgets_Counter_1628719\" class=\"cm_widget_block cm_widget cm4all_com_widgets_Counter cm_widget_block_center cm-pixel-large\">\u00a0<\/div>\n<div class=\"clearFloating\">\u00a0<\/div>\n<div id=\"widgetcontainer_STRATP_cm4all_com_widgets_Counter_3690122\" class=\"cm_widget_block cm_widget cm4all_com_widgets_Counter cm_widget_block_center cm-pixel-large\">\u00a0<\/div>\n<p>\u00a0<\/p>\n\n\n<p><\/p>\n<div class=\"sharedaddy sd-sharing-enabled\"><div class=\"robots-nocontent sd-block sd-social sd-social-icon sd-sharing\"><h3 class=\"sd-title\">Teilen mit:<\/h3><div class=\"sd-content\"><ul><li class=\"share-twitter\"><a rel=\"nofollow noopener noreferrer\" data-shared=\"sharing-twitter-96\" class=\"share-twitter sd-button share-icon no-text\" href=\"https:\/\/beate-gerstenberger-ratzeburg.de\/?page_id=96&amp;share=twitter\" target=\"_blank\" title=\"Klick, um \u00fcber Twitter zu teilen\" ><span><\/span><span class=\"sharing-screen-reader-text\">Klick, um \u00fcber Twitter zu teilen (Wird in neuem Fenster ge\u00f6ffnet)<\/span><\/a><\/li><li class=\"share-facebook\"><a rel=\"nofollow noopener noreferrer\" data-shared=\"sharing-facebook-96\" class=\"share-facebook sd-button share-icon no-text\" href=\"https:\/\/beate-gerstenberger-ratzeburg.de\/?page_id=96&amp;share=facebook\" target=\"_blank\" title=\"Klick, um auf Facebook zu teilen\" ><span><\/span><span class=\"sharing-screen-reader-text\">Klick, um auf Facebook zu teilen (Wird in neuem Fenster ge\u00f6ffnet)<\/span><\/a><\/li><li class=\"share-telegram\"><a rel=\"nofollow noopener noreferrer\" data-shared=\"\" class=\"share-telegram sd-button share-icon no-text\" href=\"https:\/\/beate-gerstenberger-ratzeburg.de\/?page_id=96&amp;share=telegram\" target=\"_blank\" title=\"Klicken, um auf Telegram zu teilen\" ><span><\/span><span class=\"sharing-screen-reader-text\">Klicken, um auf Telegram zu teilen (Wird in neuem Fenster ge\u00f6ffnet)<\/span><\/a><\/li><li class=\"share-pocket\"><a rel=\"nofollow noopener noreferrer\" data-shared=\"\" class=\"share-pocket sd-button share-icon no-text\" href=\"https:\/\/beate-gerstenberger-ratzeburg.de\/?page_id=96&amp;share=pocket\" target=\"_blank\" title=\"Klick, um auf Pocket zu teilen\" ><span><\/span><span class=\"sharing-screen-reader-text\">Klick, um auf Pocket zu teilen (Wird in neuem Fenster ge\u00f6ffnet)<\/span><\/a><\/li><li class=\"share-tumblr\"><a rel=\"nofollow noopener noreferrer\" data-shared=\"\" class=\"share-tumblr sd-button share-icon no-text\" href=\"https:\/\/beate-gerstenberger-ratzeburg.de\/?page_id=96&amp;share=tumblr\" target=\"_blank\" title=\"Klick, um auf Tumblr zu teilen\" ><span><\/span><span class=\"sharing-screen-reader-text\">Klick, um auf Tumblr zu teilen (Wird in neuem Fenster ge\u00f6ffnet)<\/span><\/a><\/li><li class=\"share-pinterest\"><a rel=\"nofollow noopener noreferrer\" data-shared=\"sharing-pinterest-96\" class=\"share-pinterest sd-button share-icon no-text\" href=\"https:\/\/beate-gerstenberger-ratzeburg.de\/?page_id=96&amp;share=pinterest\" target=\"_blank\" title=\"Klick, um auf Pinterest zu teilen\" ><span><\/span><span class=\"sharing-screen-reader-text\">Klick, um auf Pinterest zu teilen (Wird in neuem Fenster ge\u00f6ffnet)<\/span><\/a><\/li><li class=\"share-jetpack-whatsapp\"><a rel=\"nofollow noopener noreferrer\" data-shared=\"\" class=\"share-jetpack-whatsapp sd-button share-icon no-text\" href=\"https:\/\/beate-gerstenberger-ratzeburg.de\/?page_id=96&amp;share=jetpack-whatsapp\" target=\"_blank\" title=\"Klicken, um auf WhatsApp zu teilen\" ><span><\/span><span class=\"sharing-screen-reader-text\">Klicken, um auf WhatsApp zu teilen (Wird in neuem Fenster ge\u00f6ffnet)<\/span><\/a><\/li><li class=\"share-skype\"><a rel=\"nofollow noopener noreferrer\" data-shared=\"sharing-skype-96\" class=\"share-skype sd-button share-icon no-text\" href=\"https:\/\/beate-gerstenberger-ratzeburg.de\/?page_id=96&amp;share=skype\" target=\"_blank\" title=\"Klicken, um in Skype zu teilen\" ><span><\/span><span class=\"sharing-screen-reader-text\">Klicken, um in Skype zu teilen (Wird in neuem Fenster ge\u00f6ffnet)<\/span><\/a><\/li><li class=\"share-linkedin\"><a rel=\"nofollow noopener noreferrer\" data-shared=\"sharing-linkedin-96\" class=\"share-linkedin sd-button share-icon no-text\" href=\"https:\/\/beate-gerstenberger-ratzeburg.de\/?page_id=96&amp;share=linkedin\" target=\"_blank\" title=\"Klick, um auf LinkedIn zu teilen\" ><span><\/span><span class=\"sharing-screen-reader-text\">Klick, um auf LinkedIn zu teilen (Wird in neuem Fenster ge\u00f6ffnet)<\/span><\/a><\/li><li class=\"share-reddit\"><a rel=\"nofollow noopener noreferrer\" data-shared=\"\" class=\"share-reddit sd-button share-icon no-text\" href=\"https:\/\/beate-gerstenberger-ratzeburg.de\/?page_id=96&amp;share=reddit\" target=\"_blank\" title=\"Klick, um auf Reddit zu teilen\" ><span><\/span><span class=\"sharing-screen-reader-text\">Klick, um auf Reddit zu teilen (Wird in neuem Fenster ge\u00f6ffnet)<\/span><\/a><\/li><li class=\"share-email\"><a rel=\"nofollow noopener noreferrer\" data-shared=\"\" class=\"share-email sd-button share-icon no-text\" href=\"mailto:?subject=%5BGeteilter%20Beitrag%5D%20Kontakt&body=https%3A%2F%2Fbeate-gerstenberger-ratzeburg.de%2F%3Fpage_id%3D96&share=email\" target=\"_blank\" title=\"Klicken, um einem Freund einen Link per E-Mail zu senden\" data-email-share-error-title=\"Hast du E-Mail eingerichtet?\" data-email-share-error-text=\"Wenn du Probleme mit dem Teilen per E-Mail hast, ist E-Mail m\u00f6glicherweise nicht f\u00fcr deinen Browser eingerichtet. Du musst die neue E-Mail-Einrichtung m\u00f6glicherweise selbst vornehmen.\" data-email-share-nonce=\"3f025da5d4\" data-email-share-track-url=\"https:\/\/beate-gerstenberger-ratzeburg.de\/?page_id=96&amp;share=email\"><span><\/span><span class=\"sharing-screen-reader-text\">Klicken, um einem Freund einen Link per E-Mail zu senden (Wird in neuem Fenster ge\u00f6ffnet)<\/span><\/a><\/li><li class=\"share-print\"><a rel=\"nofollow noopener noreferrer\" data-shared=\"\" class=\"share-print sd-button share-icon no-text\" href=\"https:\/\/beate-gerstenberger-ratzeburg.de\/?page_id=96\" target=\"_blank\" title=\"Klicken zum Ausdrucken\" ><span><\/span><span class=\"sharing-screen-reader-text\">Klicken zum Ausdrucken (Wird in neuem Fenster ge\u00f6ffnet)<\/span><\/a><\/li><li class=\"share-end\"><\/li><\/ul><\/div><\/div><\/div>","protected":false},"excerpt":{"rendered":"<p>Haben Sie Fragen&#8230; \u00a0 &#8230; rund um die Themen Hochbegabung, \u00fcberdurchschnittliche, besondere Begabung, zu Intelligenztests oder weiterer Diagnostik? \u00a0 &#8230; m\u00f6chten Sie mehr zu meinem neuen Buch wissen oder zu anderen Ver\u00f6ffentlichungen? \u00a0 &#8230; oder einfach nur zu meiner Arbeit oder meiner Person? \u00a0 Mailen Sie mir oder rufen Sie mich an unter 02302\/3952919. Oder [&hellip;]<\/p>\n<div class=\"sharedaddy sd-sharing-enabled\"><div class=\"robots-nocontent sd-block sd-social sd-social-icon sd-sharing\"><h3 class=\"sd-title\">Teilen mit:<\/h3><div class=\"sd-content\"><ul><li class=\"share-twitter\"><a rel=\"nofollow noopener noreferrer\" data-shared=\"sharing-twitter-96\" class=\"share-twitter sd-button share-icon no-text\" href=\"https:\/\/beate-gerstenberger-ratzeburg.de\/?page_id=96&amp;share=twitter\" target=\"_blank\" title=\"Klick, um \u00fcber Twitter zu teilen\" ><span><\/span><span class=\"sharing-screen-reader-text\">Klick, um \u00fcber Twitter zu teilen (Wird in neuem Fenster ge\u00f6ffnet)<\/span><\/a><\/li><li class=\"share-facebook\"><a rel=\"nofollow noopener noreferrer\" data-shared=\"sharing-facebook-96\" class=\"share-facebook sd-button share-icon no-text\" href=\"https:\/\/beate-gerstenberger-ratzeburg.de\/?page_id=96&amp;share=facebook\" target=\"_blank\" title=\"Klick, um auf Facebook zu teilen\" ><span><\/span><span class=\"sharing-screen-reader-text\">Klick, um auf Facebook zu teilen (Wird in neuem Fenster ge\u00f6ffnet)<\/span><\/a><\/li><li class=\"share-telegram\"><a rel=\"nofollow noopener noreferrer\" data-shared=\"\" class=\"share-telegram sd-button share-icon no-text\" href=\"https:\/\/beate-gerstenberger-ratzeburg.de\/?page_id=96&amp;share=telegram\" target=\"_blank\" title=\"Klicken, um auf Telegram zu teilen\" ><span><\/span><span class=\"sharing-screen-reader-text\">Klicken, um auf Telegram zu teilen (Wird in neuem Fenster ge\u00f6ffnet)<\/span><\/a><\/li><li class=\"share-pocket\"><a rel=\"nofollow noopener noreferrer\" data-shared=\"\" class=\"share-pocket sd-button share-icon no-text\" href=\"https:\/\/beate-gerstenberger-ratzeburg.de\/?page_id=96&amp;share=pocket\" target=\"_blank\" title=\"Klick, um auf Pocket zu teilen\" ><span><\/span><span class=\"sharing-screen-reader-text\">Klick, um auf Pocket zu teilen (Wird in neuem Fenster ge\u00f6ffnet)<\/span><\/a><\/li><li class=\"share-tumblr\"><a rel=\"nofollow noopener noreferrer\" data-shared=\"\" class=\"share-tumblr sd-button share-icon no-text\" href=\"https:\/\/beate-gerstenberger-ratzeburg.de\/?page_id=96&amp;share=tumblr\" target=\"_blank\" title=\"Klick, um auf Tumblr zu teilen\" ><span><\/span><span class=\"sharing-screen-reader-text\">Klick, um auf Tumblr zu teilen (Wird in neuem Fenster ge\u00f6ffnet)<\/span><\/a><\/li><li class=\"share-pinterest\"><a rel=\"nofollow noopener noreferrer\" data-shared=\"sharing-pinterest-96\" class=\"share-pinterest sd-button share-icon no-text\" href=\"https:\/\/beate-gerstenberger-ratzeburg.de\/?page_id=96&amp;share=pinterest\" target=\"_blank\" title=\"Klick, um auf Pinterest zu teilen\" ><span><\/span><span class=\"sharing-screen-reader-text\">Klick, um auf Pinterest zu teilen (Wird in neuem Fenster ge\u00f6ffnet)<\/span><\/a><\/li><li class=\"share-jetpack-whatsapp\"><a rel=\"nofollow noopener noreferrer\" data-shared=\"\" class=\"share-jetpack-whatsapp sd-button share-icon no-text\" href=\"https:\/\/beate-gerstenberger-ratzeburg.de\/?page_id=96&amp;share=jetpack-whatsapp\" target=\"_blank\" title=\"Klicken, um auf WhatsApp zu teilen\" ><span><\/span><span class=\"sharing-screen-reader-text\">Klicken, um auf WhatsApp zu teilen (Wird in neuem Fenster ge\u00f6ffnet)<\/span><\/a><\/li><li class=\"share-skype\"><a rel=\"nofollow noopener noreferrer\" data-shared=\"sharing-skype-96\" class=\"share-skype sd-button share-icon no-text\" href=\"https:\/\/beate-gerstenberger-ratzeburg.de\/?page_id=96&amp;share=skype\" target=\"_blank\" title=\"Klicken, um in Skype zu teilen\" ><span><\/span><span class=\"sharing-screen-reader-text\">Klicken, um in Skype zu teilen (Wird in neuem Fenster ge\u00f6ffnet)<\/span><\/a><\/li><li class=\"share-linkedin\"><a rel=\"nofollow noopener noreferrer\" data-shared=\"sharing-linkedin-96\" class=\"share-linkedin sd-button share-icon no-text\" href=\"https:\/\/beate-gerstenberger-ratzeburg.de\/?page_id=96&amp;share=linkedin\" target=\"_blank\" title=\"Klick, um auf LinkedIn zu teilen\" ><span><\/span><span class=\"sharing-screen-reader-text\">Klick, um auf LinkedIn zu teilen (Wird in neuem Fenster ge\u00f6ffnet)<\/span><\/a><\/li><li class=\"share-reddit\"><a rel=\"nofollow noopener noreferrer\" data-shared=\"\" class=\"share-reddit sd-button share-icon no-text\" href=\"https:\/\/beate-gerstenberger-ratzeburg.de\/?page_id=96&amp;share=reddit\" target=\"_blank\" title=\"Klick, um auf Reddit zu teilen\" ><span><\/span><span class=\"sharing-screen-reader-text\">Klick, um auf Reddit zu teilen (Wird in neuem Fenster ge\u00f6ffnet)<\/span><\/a><\/li><li class=\"share-email\"><a rel=\"nofollow noopener noreferrer\" data-shared=\"\" class=\"share-email sd-button share-icon no-text\" href=\"mailto:?subject=%5BGeteilter%20Beitrag%5D%20Kontakt&body=https%3A%2F%2Fbeate-gerstenberger-ratzeburg.de%2F%3Fpage_id%3D96&share=email\" target=\"_blank\" title=\"Klicken, um einem Freund einen Link per E-Mail zu senden\" data-email-share-error-title=\"Hast du E-Mail eingerichtet?\" data-email-share-error-text=\"Wenn du Probleme mit dem Teilen per E-Mail hast, ist E-Mail m\u00f6glicherweise nicht f\u00fcr deinen Browser eingerichtet. Du musst die neue E-Mail-Einrichtung m\u00f6glicherweise selbst vornehmen.\" data-email-share-nonce=\"3f025da5d4\" data-email-share-track-url=\"https:\/\/beate-gerstenberger-ratzeburg.de\/?page_id=96&amp;share=email\"><span><\/span><span class=\"sharing-screen-reader-text\">Klicken, um einem Freund einen Link per E-Mail zu senden (Wird in neuem Fenster ge\u00f6ffnet)<\/span><\/a><\/li><li class=\"share-print\"><a rel=\"nofollow noopener noreferrer\" data-shared=\"\" class=\"share-print sd-button share-icon no-text\" href=\"https:\/\/beate-gerstenberger-ratzeburg.de\/?page_id=96\" target=\"_blank\" title=\"Klicken zum Ausdrucken\" ><span><\/span><span class=\"sharing-screen-reader-text\">Klicken zum Ausdrucken (Wird in neuem Fenster ge\u00f6ffnet)<\/span><\/a><\/li><li class=\"share-end\"><\/li><\/ul><\/div><\/div><\/div>","protected":false},"author":1,"featured_media":0,"parent":0,"menu_order":0,"comment_status":"closed","ping_status":"closed","template":"","meta":{"jetpack_post_was_ever_published":false},"jetpack_shortlink":"https:\/\/wp.me\/P829eh-1y","jetpack_sharing_enabled":true,"_links":{"self":[{"href":"https:\/\/beate-gerstenberger-ratzeburg.de\/index.php?rest_route=\/wp\/v2\/pages\/96"}],"collection":[{"href":"https:\/\/beate-gerstenberger-ratzeburg.de\/index.php?rest_route=\/wp\/v2\/pages"}],"about":[{"href":"https:\/\/beate-gerstenberger-ratzeburg.de\/index.php?rest_route=\/wp\/v2\/types\/page"}],"author":[{"embeddable":true,"href":"https:\/\/beate-gerstenberger-ratzeburg.de\/index.php?rest_route=\/wp\/v2\/users\/1"}],"replies":[{"embeddable":true,"href":"https:\/\/beate-gerstenberger-ratzeburg.de\/index.php?rest_route=%2Fwp%2Fv2%2Fcomments&post=96"}],"version-history":[{"count":6,"href":"https:\/\/beate-gerstenberger-ratzeburg.de\/index.php?rest_route=\/wp\/v2\/pages\/96\/revisions"}],"predecessor-version":[{"id":414,"href":"https:\/\/beate-gerstenberger-ratzeburg.de\/index.php?rest_route=\/wp\/v2\/pages\/96\/revisions\/414"}],"wp:attachment":[{"href":"https:\/\/beate-gerstenberger-ratzeburg.de\/index.php?rest_route=%2Fwp%2Fv2%2Fmedia&parent=96"}],"curies":[{"name":"wp","href":"https:\/\/api.w.org\/{rel}","templated":true}]}}