{"id":225,"date":"2016-09-04T08:37:48","date_gmt":"2016-09-04T08:37:48","guid":{"rendered":"http:\/\/beate-gerstenberger-ratzeburg.de\/?page_id=225"},"modified":"2019-06-20T13:19:20","modified_gmt":"2019-06-20T13:19:20","slug":"service-fuer-rezensionsexemplare","status":"publish","type":"page","link":"https:\/\/beate-gerstenberger-ratzeburg.de\/?page_id=225","title":{"rendered":"Service f\u00fcr Rezensionsexemplare"},"content":{"rendered":"<p>Wir, d.h. BoD als Verlag und Beate Gerstenberger-Ratzeburg als Autorin, unterst\u00fctzen die Pressearbeit in vielf\u00e4ltiger Form, z.B. mit dem Versand kostenloser Rezensionsexemplare an Journalisten und reichweitenstarke Literaturblogger.<\/p>\n<p>Ein kurzes E-Mail-Anschreiben des Redakteurs oder Bloggers mit Angabe des Mediums bzw. Blogs sowie dem gew\u00fcnschten Titel und der Versandadresse an <a href=\"mailto:presse@bod.de\">presse@bod.de<\/a>\u00a0 gen\u00fcgt. Der Verlag versendet dann umgehend ein gedruckte Gratisexemplar an die Redaktion.<\/p>\n<p>Aufgrund der gro\u00dfen Nachfrage k\u00f6nnen wir leider nicht alle Rezensionsanfragen von Bloggern erf\u00fcllen. F\u00fcr Blogs gelten daher folgende Voraussetzungen:<\/p>\n<ul>\n<li>Der Blog weist 1.000 Besucher pro Monat oder mehr auf.<\/li>\n<li>Auf dem Blog erscheint mindestens ein Artikel pro Woche.<\/li>\n<li>Die Buchbesprechungen umfassen mindestens 300 Worte und geben die Meinung des Bloggers wieder.<\/li>\n<\/ul>\n<p>Journalisten f\u00fcgen dem Anschreiben bitte eine Kopie des Presseausweises bei.<\/p>\n<p>Neben gedruckten Rezensionsexemplaren meines Titels stellt Ihnen der Verlag auch gern kostenlose Download-Links f\u00fcr das E-Book \u00fcber Apple iTunes zur Verf\u00fcgung.<\/p>\n<p><strong>Anschriften:<\/strong><\/p>\n<p><strong>Verlag BoD:<\/strong><\/p>\n<p><strong>BoD GmbH, In de Tarpen 42, 22848 Norderstedt<\/strong><br \/>\n<strong>Tel. Zentrale: +49 40 \u2013 53 43 35-0, info@bod.de<\/strong><\/p>\n<p><strong>Autorin:<\/strong><\/p>\n<p><strong>Dr. Beate Gerstenberger-Ratzeburg, Wandweg 1, 44149 Dortmund bgr@infobeg.de<\/strong><\/p>\n<div class=\"sharedaddy sd-sharing-enabled\"><div class=\"robots-nocontent sd-block sd-social sd-social-icon sd-sharing\"><h3 class=\"sd-title\">Teilen mit:<\/h3><div class=\"sd-content\"><ul><li class=\"share-twitter\"><a rel=\"nofollow noopener noreferrer\" data-shared=\"sharing-twitter-225\" class=\"share-twitter sd-button share-icon no-text\" href=\"https:\/\/beate-gerstenberger-ratzeburg.de\/?page_id=225&amp;share=twitter\" target=\"_blank\" title=\"Klick, um \u00fcber Twitter zu teilen\" ><span><\/span><span class=\"sharing-screen-reader-text\">Klick, um \u00fcber Twitter zu teilen (Wird in neuem Fenster ge\u00f6ffnet)<\/span><\/a><\/li><li class=\"share-facebook\"><a rel=\"nofollow noopener noreferrer\" data-shared=\"sharing-facebook-225\" class=\"share-facebook sd-button share-icon no-text\" href=\"https:\/\/beate-gerstenberger-ratzeburg.de\/?page_id=225&amp;share=facebook\" target=\"_blank\" title=\"Klick, um auf Facebook zu teilen\" ><span><\/span><span class=\"sharing-screen-reader-text\">Klick, um auf Facebook zu teilen (Wird in neuem Fenster ge\u00f6ffnet)<\/span><\/a><\/li><li class=\"share-telegram\"><a rel=\"nofollow noopener noreferrer\" data-shared=\"\" class=\"share-telegram sd-button share-icon no-text\" href=\"https:\/\/beate-gerstenberger-ratzeburg.de\/?page_id=225&amp;share=telegram\" target=\"_blank\" title=\"Klicken, um auf Telegram zu teilen\" ><span><\/span><span class=\"sharing-screen-reader-text\">Klicken, um auf Telegram zu teilen (Wird in neuem Fenster ge\u00f6ffnet)<\/span><\/a><\/li><li class=\"share-pocket\"><a rel=\"nofollow noopener noreferrer\" data-shared=\"\" class=\"share-pocket sd-button share-icon no-text\" href=\"https:\/\/beate-gerstenberger-ratzeburg.de\/?page_id=225&amp;share=pocket\" target=\"_blank\" title=\"Klick, um auf Pocket zu teilen\" ><span><\/span><span class=\"sharing-screen-reader-text\">Klick, um auf Pocket zu teilen (Wird in neuem Fenster ge\u00f6ffnet)<\/span><\/a><\/li><li class=\"share-tumblr\"><a rel=\"nofollow noopener noreferrer\" data-shared=\"\" class=\"share-tumblr sd-button share-icon no-text\" href=\"https:\/\/beate-gerstenberger-ratzeburg.de\/?page_id=225&amp;share=tumblr\" target=\"_blank\" title=\"Klick, um auf Tumblr zu teilen\" ><span><\/span><span class=\"sharing-screen-reader-text\">Klick, um auf Tumblr zu teilen (Wird in neuem Fenster ge\u00f6ffnet)<\/span><\/a><\/li><li class=\"share-pinterest\"><a rel=\"nofollow noopener noreferrer\" data-shared=\"sharing-pinterest-225\" class=\"share-pinterest sd-button share-icon no-text\" href=\"https:\/\/beate-gerstenberger-ratzeburg.de\/?page_id=225&amp;share=pinterest\" target=\"_blank\" title=\"Klick, um auf Pinterest zu teilen\" ><span><\/span><span class=\"sharing-screen-reader-text\">Klick, um auf Pinterest zu teilen (Wird in neuem Fenster ge\u00f6ffnet)<\/span><\/a><\/li><li class=\"share-jetpack-whatsapp\"><a rel=\"nofollow noopener noreferrer\" data-shared=\"\" class=\"share-jetpack-whatsapp sd-button share-icon no-text\" href=\"https:\/\/beate-gerstenberger-ratzeburg.de\/?page_id=225&amp;share=jetpack-whatsapp\" target=\"_blank\" title=\"Klicken, um auf WhatsApp zu teilen\" ><span><\/span><span class=\"sharing-screen-reader-text\">Klicken, um auf WhatsApp zu teilen (Wird in neuem Fenster ge\u00f6ffnet)<\/span><\/a><\/li><li class=\"share-skype\"><a rel=\"nofollow noopener noreferrer\" data-shared=\"sharing-skype-225\" class=\"share-skype sd-button share-icon no-text\" href=\"https:\/\/beate-gerstenberger-ratzeburg.de\/?page_id=225&amp;share=skype\" target=\"_blank\" title=\"Klicken, um in Skype zu teilen\" ><span><\/span><span class=\"sharing-screen-reader-text\">Klicken, um in Skype zu teilen (Wird in neuem Fenster ge\u00f6ffnet)<\/span><\/a><\/li><li class=\"share-linkedin\"><a rel=\"nofollow noopener noreferrer\" data-shared=\"sharing-linkedin-225\" class=\"share-linkedin sd-button share-icon no-text\" href=\"https:\/\/beate-gerstenberger-ratzeburg.de\/?page_id=225&amp;share=linkedin\" target=\"_blank\" title=\"Klick, um auf LinkedIn zu teilen\" ><span><\/span><span class=\"sharing-screen-reader-text\">Klick, um auf LinkedIn zu teilen (Wird in neuem Fenster ge\u00f6ffnet)<\/span><\/a><\/li><li class=\"share-reddit\"><a rel=\"nofollow noopener noreferrer\" data-shared=\"\" class=\"share-reddit sd-button share-icon no-text\" href=\"https:\/\/beate-gerstenberger-ratzeburg.de\/?page_id=225&amp;share=reddit\" target=\"_blank\" title=\"Klick, um auf Reddit zu teilen\" ><span><\/span><span class=\"sharing-screen-reader-text\">Klick, um auf Reddit zu teilen (Wird in neuem Fenster ge\u00f6ffnet)<\/span><\/a><\/li><li class=\"share-email\"><a rel=\"nofollow noopener noreferrer\" data-shared=\"\" class=\"share-email sd-button share-icon no-text\" href=\"mailto:?subject=%5BGeteilter%20Beitrag%5D%20Service%20f%C3%BCr%20Rezensionsexemplare&body=https%3A%2F%2Fbeate-gerstenberger-ratzeburg.de%2F%3Fpage_id%3D225&share=email\" target=\"_blank\" title=\"Klicken, um einem Freund einen Link per E-Mail zu senden\" data-email-share-error-title=\"Hast du E-Mail eingerichtet?\" data-email-share-error-text=\"Wenn du Probleme mit dem Teilen per E-Mail hast, ist E-Mail m\u00f6glicherweise nicht f\u00fcr deinen Browser eingerichtet. Du musst die neue E-Mail-Einrichtung m\u00f6glicherweise selbst vornehmen.\" data-email-share-nonce=\"b3734c0509\" data-email-share-track-url=\"https:\/\/beate-gerstenberger-ratzeburg.de\/?page_id=225&amp;share=email\"><span><\/span><span class=\"sharing-screen-reader-text\">Klicken, um einem Freund einen Link per E-Mail zu senden (Wird in neuem Fenster ge\u00f6ffnet)<\/span><\/a><\/li><li class=\"share-print\"><a rel=\"nofollow noopener noreferrer\" data-shared=\"\" class=\"share-print sd-button share-icon no-text\" href=\"https:\/\/beate-gerstenberger-ratzeburg.de\/?page_id=225\" target=\"_blank\" title=\"Klicken zum Ausdrucken\" ><span><\/span><span class=\"sharing-screen-reader-text\">Klicken zum Ausdrucken (Wird in neuem Fenster ge\u00f6ffnet)<\/span><\/a><\/li><li class=\"share-end\"><\/li><\/ul><\/div><\/div><\/div>","protected":false},"excerpt":{"rendered":"<p>Wir, d.h. BoD als Verlag und Beate Gerstenberger-Ratzeburg als Autorin, unterst\u00fctzen die Pressearbeit in vielf\u00e4ltiger Form, z.B. mit dem Versand kostenloser Rezensionsexemplare an Journalisten und reichweitenstarke Literaturblogger. Ein kurzes E-Mail-Anschreiben des Redakteurs oder Bloggers mit Angabe des Mediums bzw. Blogs sowie dem gew\u00fcnschten Titel und der Versandadresse an presse@bod.de\u00a0 gen\u00fcgt. Der Verlag versendet dann umgehend [&hellip;]<\/p>\n<div class=\"sharedaddy sd-sharing-enabled\"><div class=\"robots-nocontent sd-block sd-social sd-social-icon sd-sharing\"><h3 class=\"sd-title\">Teilen mit:<\/h3><div class=\"sd-content\"><ul><li class=\"share-twitter\"><a rel=\"nofollow noopener noreferrer\" data-shared=\"sharing-twitter-225\" class=\"share-twitter sd-button share-icon no-text\" href=\"https:\/\/beate-gerstenberger-ratzeburg.de\/?page_id=225&amp;share=twitter\" target=\"_blank\" title=\"Klick, um \u00fcber Twitter zu teilen\" ><span><\/span><span class=\"sharing-screen-reader-text\">Klick, um \u00fcber Twitter zu teilen (Wird in neuem Fenster ge\u00f6ffnet)<\/span><\/a><\/li><li class=\"share-facebook\"><a rel=\"nofollow noopener noreferrer\" data-shared=\"sharing-facebook-225\" class=\"share-facebook sd-button share-icon no-text\" href=\"https:\/\/beate-gerstenberger-ratzeburg.de\/?page_id=225&amp;share=facebook\" target=\"_blank\" title=\"Klick, um auf Facebook zu teilen\" ><span><\/span><span class=\"sharing-screen-reader-text\">Klick, um auf Facebook zu teilen (Wird in neuem Fenster ge\u00f6ffnet)<\/span><\/a><\/li><li class=\"share-telegram\"><a rel=\"nofollow noopener noreferrer\" data-shared=\"\" class=\"share-telegram sd-button share-icon no-text\" href=\"https:\/\/beate-gerstenberger-ratzeburg.de\/?page_id=225&amp;share=telegram\" target=\"_blank\" title=\"Klicken, um auf Telegram zu teilen\" ><span><\/span><span class=\"sharing-screen-reader-text\">Klicken, um auf Telegram zu teilen (Wird in neuem Fenster ge\u00f6ffnet)<\/span><\/a><\/li><li class=\"share-pocket\"><a rel=\"nofollow noopener noreferrer\" data-shared=\"\" class=\"share-pocket sd-button share-icon no-text\" href=\"https:\/\/beate-gerstenberger-ratzeburg.de\/?page_id=225&amp;share=pocket\" target=\"_blank\" title=\"Klick, um auf Pocket zu teilen\" ><span><\/span><span class=\"sharing-screen-reader-text\">Klick, um auf Pocket zu teilen (Wird in neuem Fenster ge\u00f6ffnet)<\/span><\/a><\/li><li class=\"share-tumblr\"><a rel=\"nofollow noopener noreferrer\" data-shared=\"\" class=\"share-tumblr sd-button share-icon no-text\" href=\"https:\/\/beate-gerstenberger-ratzeburg.de\/?page_id=225&amp;share=tumblr\" target=\"_blank\" title=\"Klick, um auf Tumblr zu teilen\" ><span><\/span><span class=\"sharing-screen-reader-text\">Klick, um auf Tumblr zu teilen (Wird in neuem Fenster ge\u00f6ffnet)<\/span><\/a><\/li><li class=\"share-pinterest\"><a rel=\"nofollow noopener noreferrer\" data-shared=\"sharing-pinterest-225\" class=\"share-pinterest sd-button share-icon no-text\" href=\"https:\/\/beate-gerstenberger-ratzeburg.de\/?page_id=225&amp;share=pinterest\" target=\"_blank\" title=\"Klick, um auf Pinterest zu teilen\" ><span><\/span><span class=\"sharing-screen-reader-text\">Klick, um auf Pinterest zu teilen (Wird in neuem Fenster ge\u00f6ffnet)<\/span><\/a><\/li><li class=\"share-jetpack-whatsapp\"><a rel=\"nofollow noopener noreferrer\" data-shared=\"\" class=\"share-jetpack-whatsapp sd-button share-icon no-text\" href=\"https:\/\/beate-gerstenberger-ratzeburg.de\/?page_id=225&amp;share=jetpack-whatsapp\" target=\"_blank\" title=\"Klicken, um auf WhatsApp zu teilen\" ><span><\/span><span class=\"sharing-screen-reader-text\">Klicken, um auf WhatsApp zu teilen (Wird in neuem Fenster ge\u00f6ffnet)<\/span><\/a><\/li><li class=\"share-skype\"><a rel=\"nofollow noopener noreferrer\" data-shared=\"sharing-skype-225\" class=\"share-skype sd-button share-icon no-text\" href=\"https:\/\/beate-gerstenberger-ratzeburg.de\/?page_id=225&amp;share=skype\" target=\"_blank\" title=\"Klicken, um in Skype zu teilen\" ><span><\/span><span class=\"sharing-screen-reader-text\">Klicken, um in Skype zu teilen (Wird in neuem Fenster ge\u00f6ffnet)<\/span><\/a><\/li><li class=\"share-linkedin\"><a rel=\"nofollow noopener noreferrer\" data-shared=\"sharing-linkedin-225\" class=\"share-linkedin sd-button share-icon no-text\" href=\"https:\/\/beate-gerstenberger-ratzeburg.de\/?page_id=225&amp;share=linkedin\" target=\"_blank\" title=\"Klick, um auf LinkedIn zu teilen\" ><span><\/span><span class=\"sharing-screen-reader-text\">Klick, um auf LinkedIn zu teilen (Wird in neuem Fenster ge\u00f6ffnet)<\/span><\/a><\/li><li class=\"share-reddit\"><a rel=\"nofollow noopener noreferrer\" data-shared=\"\" class=\"share-reddit sd-button share-icon no-text\" href=\"https:\/\/beate-gerstenberger-ratzeburg.de\/?page_id=225&amp;share=reddit\" target=\"_blank\" title=\"Klick, um auf Reddit zu teilen\" ><span><\/span><span class=\"sharing-screen-reader-text\">Klick, um auf Reddit zu teilen (Wird in neuem Fenster ge\u00f6ffnet)<\/span><\/a><\/li><li class=\"share-email\"><a rel=\"nofollow noopener noreferrer\" data-shared=\"\" class=\"share-email sd-button share-icon no-text\" href=\"mailto:?subject=%5BGeteilter%20Beitrag%5D%20Service%20f%C3%BCr%20Rezensionsexemplare&body=https%3A%2F%2Fbeate-gerstenberger-ratzeburg.de%2F%3Fpage_id%3D225&share=email\" target=\"_blank\" title=\"Klicken, um einem Freund einen Link per E-Mail zu senden\" data-email-share-error-title=\"Hast du E-Mail eingerichtet?\" data-email-share-error-text=\"Wenn du Probleme mit dem Teilen per E-Mail hast, ist E-Mail m\u00f6glicherweise nicht f\u00fcr deinen Browser eingerichtet. Du musst die neue E-Mail-Einrichtung m\u00f6glicherweise selbst vornehmen.\" data-email-share-nonce=\"b3734c0509\" data-email-share-track-url=\"https:\/\/beate-gerstenberger-ratzeburg.de\/?page_id=225&amp;share=email\"><span><\/span><span class=\"sharing-screen-reader-text\">Klicken, um einem Freund einen Link per E-Mail zu senden (Wird in neuem Fenster ge\u00f6ffnet)<\/span><\/a><\/li><li class=\"share-print\"><a rel=\"nofollow noopener noreferrer\" data-shared=\"\" class=\"share-print sd-button share-icon no-text\" href=\"https:\/\/beate-gerstenberger-ratzeburg.de\/?page_id=225\" target=\"_blank\" title=\"Klicken zum Ausdrucken\" ><span><\/span><span class=\"sharing-screen-reader-text\">Klicken zum Ausdrucken (Wird in neuem Fenster ge\u00f6ffnet)<\/span><\/a><\/li><li class=\"share-end\"><\/li><\/ul><\/div><\/div><\/div>","protected":false},"author":1,"featured_media":0,"parent":65,"menu_order":0,"comment_status":"closed","ping_status":"closed","template":"","meta":{"jetpack_post_was_ever_published":false},"jetpack_shortlink":"https:\/\/wp.me\/P829eh-3D","jetpack_sharing_enabled":true,"_links":{"self":[{"href":"https:\/\/beate-gerstenberger-ratzeburg.de\/index.php?rest_route=\/wp\/v2\/pages\/225"}],"collection":[{"href":"https:\/\/beate-gerstenberger-ratzeburg.de\/index.php?rest_route=\/wp\/v2\/pages"}],"about":[{"href":"https:\/\/beate-gerstenberger-ratzeburg.de\/index.php?rest_route=\/wp\/v2\/types\/page"}],"author":[{"embeddable":true,"href":"https:\/\/beate-gerstenberger-ratzeburg.de\/index.php?rest_route=\/wp\/v2\/users\/1"}],"replies":[{"embeddable":true,"href":"https:\/\/beate-gerstenberger-ratzeburg.de\/index.php?rest_route=%2Fwp%2Fv2%2Fcomments&post=225"}],"version-history":[{"count":3,"href":"https:\/\/beate-gerstenberger-ratzeburg.de\/index.php?rest_route=\/wp\/v2\/pages\/225\/revisions"}],"predecessor-version":[{"id":430,"href":"https:\/\/beate-gerstenberger-ratzeburg.de\/index.php?rest_route=\/wp\/v2\/pages\/225\/revisions\/430"}],"up":[{"embeddable":true,"href":"https:\/\/beate-gerstenberger-ratzeburg.de\/index.php?rest_route=\/wp\/v2\/pages\/65"}],"wp:attachment":[{"href":"https:\/\/beate-gerstenberger-ratzeburg.de\/index.php?rest_route=%2Fwp%2Fv2%2Fmedia&parent=225"}],"curies":[{"name":"wp","href":"https:\/\/api.w.org\/{rel}","templated":true}]}}