{"id":15,"date":"2016-07-31T13:36:19","date_gmt":"2016-07-31T13:36:19","guid":{"rendered":"http:\/\/beate-gerstenberger-ratzeburg.de\/?page_id=15"},"modified":"2019-06-20T12:30:02","modified_gmt":"2019-06-20T12:30:02","slug":"links","status":"publish","type":"page","link":"https:\/\/beate-gerstenberger-ratzeburg.de\/?page_id=15","title":{"rendered":"Links"},"content":{"rendered":"<p><strong>Blog <a class=\"cm_anchor\" href=\"http:\/\/www.astrablogger.de\" target=\"_blank\" rel=\"noopener noreferrer\">www.astrablogger.de<\/a> &#8211; das Hochbegabtenblog<\/strong><\/p>\n<p>Blog <a class=\"cm_anchor\" href=\"http:\/\/www.bildung-tut-not.de\" target=\"_blank\" rel=\"noopener noreferrer\">www.bildung-tut-not.de <\/a>&#8211; das Bildungsblog<\/p>\n<p><strong>Blog <a href=\"http:\/\/www.iq-helden.de\">www.iq-helden.de<\/a> &#8211; das Blog von logios<\/strong><\/p>\n<p><strong>Internetplattform logios, <a class=\"cm_anchor\" href=\"http:\/\/www.logios.de\" target=\"_blank\" rel=\"noopener noreferrer\">www.logios.de<\/a>, die Plattform f\u00fcr begabte, hochbegabte und talentierte Menschen in Deutschland und Europa.<\/strong><\/p>\n<p>Institut zur Fo(e)rderung besonderer Begabungen, <a href=\"http:\/\/www.infobeg.de\">www.infobeg.de<\/a><\/p>\n<p><a href=\"https:\/\/www.facebook.com\/beate.gerstenberger.ratzeburg\/\"><strong>https:\/\/www.facebook.com\/beate.gerstenberger.ratzeburg\/<\/strong><\/a><\/p>\n<div class=\"sharedaddy sd-sharing-enabled\"><div class=\"robots-nocontent sd-block sd-social sd-social-icon sd-sharing\"><h3 class=\"sd-title\">Teilen mit:<\/h3><div class=\"sd-content\"><ul><li class=\"share-twitter\"><a rel=\"nofollow noopener noreferrer\" data-shared=\"sharing-twitter-15\" class=\"share-twitter sd-button share-icon no-text\" href=\"https:\/\/beate-gerstenberger-ratzeburg.de\/?page_id=15&amp;share=twitter\" target=\"_blank\" title=\"Klick, um \u00fcber Twitter zu teilen\" ><span><\/span><span class=\"sharing-screen-reader-text\">Klick, um \u00fcber Twitter zu teilen (Wird in neuem Fenster ge\u00f6ffnet)<\/span><\/a><\/li><li class=\"share-facebook\"><a rel=\"nofollow noopener noreferrer\" data-shared=\"sharing-facebook-15\" class=\"share-facebook sd-button share-icon no-text\" href=\"https:\/\/beate-gerstenberger-ratzeburg.de\/?page_id=15&amp;share=facebook\" target=\"_blank\" title=\"Klick, um auf Facebook zu teilen\" ><span><\/span><span class=\"sharing-screen-reader-text\">Klick, um auf Facebook zu teilen (Wird in neuem Fenster ge\u00f6ffnet)<\/span><\/a><\/li><li class=\"share-telegram\"><a rel=\"nofollow noopener noreferrer\" data-shared=\"\" class=\"share-telegram sd-button share-icon no-text\" href=\"https:\/\/beate-gerstenberger-ratzeburg.de\/?page_id=15&amp;share=telegram\" target=\"_blank\" title=\"Klicken, um auf Telegram zu teilen\" ><span><\/span><span class=\"sharing-screen-reader-text\">Klicken, um auf Telegram zu teilen (Wird in neuem Fenster ge\u00f6ffnet)<\/span><\/a><\/li><li class=\"share-pocket\"><a rel=\"nofollow noopener noreferrer\" data-shared=\"\" class=\"share-pocket sd-button share-icon no-text\" href=\"https:\/\/beate-gerstenberger-ratzeburg.de\/?page_id=15&amp;share=pocket\" target=\"_blank\" title=\"Klick, um auf Pocket zu teilen\" ><span><\/span><span class=\"sharing-screen-reader-text\">Klick, um auf Pocket zu teilen (Wird in neuem Fenster ge\u00f6ffnet)<\/span><\/a><\/li><li class=\"share-tumblr\"><a rel=\"nofollow noopener noreferrer\" data-shared=\"\" class=\"share-tumblr sd-button share-icon no-text\" href=\"https:\/\/beate-gerstenberger-ratzeburg.de\/?page_id=15&amp;share=tumblr\" target=\"_blank\" title=\"Klick, um auf Tumblr zu teilen\" ><span><\/span><span class=\"sharing-screen-reader-text\">Klick, um auf Tumblr zu teilen (Wird in neuem Fenster ge\u00f6ffnet)<\/span><\/a><\/li><li class=\"share-pinterest\"><a rel=\"nofollow noopener noreferrer\" data-shared=\"sharing-pinterest-15\" class=\"share-pinterest sd-button share-icon no-text\" href=\"https:\/\/beate-gerstenberger-ratzeburg.de\/?page_id=15&amp;share=pinterest\" target=\"_blank\" title=\"Klick, um auf Pinterest zu teilen\" ><span><\/span><span class=\"sharing-screen-reader-text\">Klick, um auf Pinterest zu teilen (Wird in neuem Fenster ge\u00f6ffnet)<\/span><\/a><\/li><li class=\"share-jetpack-whatsapp\"><a rel=\"nofollow noopener noreferrer\" data-shared=\"\" class=\"share-jetpack-whatsapp sd-button share-icon no-text\" href=\"https:\/\/beate-gerstenberger-ratzeburg.de\/?page_id=15&amp;share=jetpack-whatsapp\" target=\"_blank\" title=\"Klicken, um auf WhatsApp zu teilen\" ><span><\/span><span class=\"sharing-screen-reader-text\">Klicken, um auf WhatsApp zu teilen (Wird in neuem Fenster ge\u00f6ffnet)<\/span><\/a><\/li><li class=\"share-skype\"><a rel=\"nofollow noopener noreferrer\" data-shared=\"sharing-skype-15\" class=\"share-skype sd-button share-icon no-text\" href=\"https:\/\/beate-gerstenberger-ratzeburg.de\/?page_id=15&amp;share=skype\" target=\"_blank\" title=\"Klicken, um in Skype zu teilen\" ><span><\/span><span class=\"sharing-screen-reader-text\">Klicken, um in Skype zu teilen (Wird in neuem Fenster ge\u00f6ffnet)<\/span><\/a><\/li><li class=\"share-linkedin\"><a rel=\"nofollow noopener noreferrer\" data-shared=\"sharing-linkedin-15\" class=\"share-linkedin sd-button share-icon no-text\" href=\"https:\/\/beate-gerstenberger-ratzeburg.de\/?page_id=15&amp;share=linkedin\" target=\"_blank\" title=\"Klick, um auf LinkedIn zu teilen\" ><span><\/span><span class=\"sharing-screen-reader-text\">Klick, um auf LinkedIn zu teilen (Wird in neuem Fenster ge\u00f6ffnet)<\/span><\/a><\/li><li class=\"share-reddit\"><a rel=\"nofollow noopener noreferrer\" data-shared=\"\" class=\"share-reddit sd-button share-icon no-text\" href=\"https:\/\/beate-gerstenberger-ratzeburg.de\/?page_id=15&amp;share=reddit\" target=\"_blank\" title=\"Klick, um auf Reddit zu teilen\" ><span><\/span><span class=\"sharing-screen-reader-text\">Klick, um auf Reddit zu teilen (Wird in neuem Fenster ge\u00f6ffnet)<\/span><\/a><\/li><li class=\"share-email\"><a rel=\"nofollow noopener noreferrer\" data-shared=\"\" class=\"share-email sd-button share-icon no-text\" href=\"mailto:?subject=%5BGeteilter%20Beitrag%5D%20Links&body=https%3A%2F%2Fbeate-gerstenberger-ratzeburg.de%2F%3Fpage_id%3D15&share=email\" target=\"_blank\" title=\"Klicken, um einem Freund einen Link per E-Mail zu senden\" data-email-share-error-title=\"Hast du E-Mail eingerichtet?\" data-email-share-error-text=\"Wenn du Probleme mit dem Teilen per E-Mail hast, ist E-Mail m\u00f6glicherweise nicht f\u00fcr deinen Browser eingerichtet. Du musst die neue E-Mail-Einrichtung m\u00f6glicherweise selbst vornehmen.\" data-email-share-nonce=\"d199b079b0\" data-email-share-track-url=\"https:\/\/beate-gerstenberger-ratzeburg.de\/?page_id=15&amp;share=email\"><span><\/span><span class=\"sharing-screen-reader-text\">Klicken, um einem Freund einen Link per E-Mail zu senden (Wird in neuem Fenster ge\u00f6ffnet)<\/span><\/a><\/li><li class=\"share-print\"><a rel=\"nofollow noopener noreferrer\" data-shared=\"\" class=\"share-print sd-button share-icon no-text\" href=\"https:\/\/beate-gerstenberger-ratzeburg.de\/?page_id=15\" target=\"_blank\" title=\"Klicken zum Ausdrucken\" ><span><\/span><span class=\"sharing-screen-reader-text\">Klicken zum Ausdrucken (Wird in neuem Fenster ge\u00f6ffnet)<\/span><\/a><\/li><li class=\"share-end\"><\/li><\/ul><\/div><\/div><\/div>","protected":false},"excerpt":{"rendered":"<p>Blog www.astrablogger.de &#8211; das Hochbegabtenblog Blog www.bildung-tut-not.de &#8211; das Bildungsblog Blog www.iq-helden.de &#8211; das Blog von logios Internetplattform logios, www.logios.de, die Plattform f\u00fcr begabte, hochbegabte und talentierte Menschen in Deutschland und Europa. Institut zur Fo(e)rderung besonderer Begabungen, www.infobeg.de https:\/\/www.facebook.com\/beate.gerstenberger.ratzeburg\/<\/p>\n<div class=\"sharedaddy sd-sharing-enabled\"><div class=\"robots-nocontent sd-block sd-social sd-social-icon sd-sharing\"><h3 class=\"sd-title\">Teilen mit:<\/h3><div class=\"sd-content\"><ul><li class=\"share-twitter\"><a rel=\"nofollow noopener noreferrer\" data-shared=\"sharing-twitter-15\" class=\"share-twitter sd-button share-icon no-text\" href=\"https:\/\/beate-gerstenberger-ratzeburg.de\/?page_id=15&amp;share=twitter\" target=\"_blank\" title=\"Klick, um \u00fcber Twitter zu teilen\" ><span><\/span><span class=\"sharing-screen-reader-text\">Klick, um \u00fcber Twitter zu teilen (Wird in neuem Fenster ge\u00f6ffnet)<\/span><\/a><\/li><li class=\"share-facebook\"><a rel=\"nofollow noopener noreferrer\" data-shared=\"sharing-facebook-15\" class=\"share-facebook sd-button share-icon no-text\" href=\"https:\/\/beate-gerstenberger-ratzeburg.de\/?page_id=15&amp;share=facebook\" target=\"_blank\" title=\"Klick, um auf Facebook zu teilen\" ><span><\/span><span class=\"sharing-screen-reader-text\">Klick, um auf Facebook zu teilen (Wird in neuem Fenster ge\u00f6ffnet)<\/span><\/a><\/li><li class=\"share-telegram\"><a rel=\"nofollow noopener noreferrer\" data-shared=\"\" class=\"share-telegram sd-button share-icon no-text\" href=\"https:\/\/beate-gerstenberger-ratzeburg.de\/?page_id=15&amp;share=telegram\" target=\"_blank\" title=\"Klicken, um auf Telegram zu teilen\" ><span><\/span><span class=\"sharing-screen-reader-text\">Klicken, um auf Telegram zu teilen (Wird in neuem Fenster ge\u00f6ffnet)<\/span><\/a><\/li><li class=\"share-pocket\"><a rel=\"nofollow noopener noreferrer\" data-shared=\"\" class=\"share-pocket sd-button share-icon no-text\" href=\"https:\/\/beate-gerstenberger-ratzeburg.de\/?page_id=15&amp;share=pocket\" target=\"_blank\" title=\"Klick, um auf Pocket zu teilen\" ><span><\/span><span class=\"sharing-screen-reader-text\">Klick, um auf Pocket zu teilen (Wird in neuem Fenster ge\u00f6ffnet)<\/span><\/a><\/li><li class=\"share-tumblr\"><a rel=\"nofollow noopener noreferrer\" data-shared=\"\" class=\"share-tumblr sd-button share-icon no-text\" href=\"https:\/\/beate-gerstenberger-ratzeburg.de\/?page_id=15&amp;share=tumblr\" target=\"_blank\" title=\"Klick, um auf Tumblr zu teilen\" ><span><\/span><span class=\"sharing-screen-reader-text\">Klick, um auf Tumblr zu teilen (Wird in neuem Fenster ge\u00f6ffnet)<\/span><\/a><\/li><li class=\"share-pinterest\"><a rel=\"nofollow noopener noreferrer\" data-shared=\"sharing-pinterest-15\" class=\"share-pinterest sd-button share-icon no-text\" href=\"https:\/\/beate-gerstenberger-ratzeburg.de\/?page_id=15&amp;share=pinterest\" target=\"_blank\" title=\"Klick, um auf Pinterest zu teilen\" ><span><\/span><span class=\"sharing-screen-reader-text\">Klick, um auf Pinterest zu teilen (Wird in neuem Fenster ge\u00f6ffnet)<\/span><\/a><\/li><li class=\"share-jetpack-whatsapp\"><a rel=\"nofollow noopener noreferrer\" data-shared=\"\" class=\"share-jetpack-whatsapp sd-button share-icon no-text\" href=\"https:\/\/beate-gerstenberger-ratzeburg.de\/?page_id=15&amp;share=jetpack-whatsapp\" target=\"_blank\" title=\"Klicken, um auf WhatsApp zu teilen\" ><span><\/span><span class=\"sharing-screen-reader-text\">Klicken, um auf WhatsApp zu teilen (Wird in neuem Fenster ge\u00f6ffnet)<\/span><\/a><\/li><li class=\"share-skype\"><a rel=\"nofollow noopener noreferrer\" data-shared=\"sharing-skype-15\" class=\"share-skype sd-button share-icon no-text\" href=\"https:\/\/beate-gerstenberger-ratzeburg.de\/?page_id=15&amp;share=skype\" target=\"_blank\" title=\"Klicken, um in Skype zu teilen\" ><span><\/span><span class=\"sharing-screen-reader-text\">Klicken, um in Skype zu teilen (Wird in neuem Fenster ge\u00f6ffnet)<\/span><\/a><\/li><li class=\"share-linkedin\"><a rel=\"nofollow noopener noreferrer\" data-shared=\"sharing-linkedin-15\" class=\"share-linkedin sd-button share-icon no-text\" href=\"https:\/\/beate-gerstenberger-ratzeburg.de\/?page_id=15&amp;share=linkedin\" target=\"_blank\" title=\"Klick, um auf LinkedIn zu teilen\" ><span><\/span><span class=\"sharing-screen-reader-text\">Klick, um auf LinkedIn zu teilen (Wird in neuem Fenster ge\u00f6ffnet)<\/span><\/a><\/li><li class=\"share-reddit\"><a rel=\"nofollow noopener noreferrer\" data-shared=\"\" class=\"share-reddit sd-button share-icon no-text\" href=\"https:\/\/beate-gerstenberger-ratzeburg.de\/?page_id=15&amp;share=reddit\" target=\"_blank\" title=\"Klick, um auf Reddit zu teilen\" ><span><\/span><span class=\"sharing-screen-reader-text\">Klick, um auf Reddit zu teilen (Wird in neuem Fenster ge\u00f6ffnet)<\/span><\/a><\/li><li class=\"share-email\"><a rel=\"nofollow noopener noreferrer\" data-shared=\"\" class=\"share-email sd-button share-icon no-text\" href=\"mailto:?subject=%5BGeteilter%20Beitrag%5D%20Links&body=https%3A%2F%2Fbeate-gerstenberger-ratzeburg.de%2F%3Fpage_id%3D15&share=email\" target=\"_blank\" title=\"Klicken, um einem Freund einen Link per E-Mail zu senden\" data-email-share-error-title=\"Hast du E-Mail eingerichtet?\" data-email-share-error-text=\"Wenn du Probleme mit dem Teilen per E-Mail hast, ist E-Mail m\u00f6glicherweise nicht f\u00fcr deinen Browser eingerichtet. Du musst die neue E-Mail-Einrichtung m\u00f6glicherweise selbst vornehmen.\" data-email-share-nonce=\"d199b079b0\" data-email-share-track-url=\"https:\/\/beate-gerstenberger-ratzeburg.de\/?page_id=15&amp;share=email\"><span><\/span><span class=\"sharing-screen-reader-text\">Klicken, um einem Freund einen Link per E-Mail zu senden (Wird in neuem Fenster ge\u00f6ffnet)<\/span><\/a><\/li><li class=\"share-print\"><a rel=\"nofollow noopener noreferrer\" data-shared=\"\" class=\"share-print sd-button share-icon no-text\" href=\"https:\/\/beate-gerstenberger-ratzeburg.de\/?page_id=15\" target=\"_blank\" title=\"Klicken zum Ausdrucken\" ><span><\/span><span class=\"sharing-screen-reader-text\">Klicken zum Ausdrucken (Wird in neuem Fenster ge\u00f6ffnet)<\/span><\/a><\/li><li class=\"share-end\"><\/li><\/ul><\/div><\/div><\/div>","protected":false},"author":1,"featured_media":0,"parent":0,"menu_order":0,"comment_status":"closed","ping_status":"closed","template":"","meta":{"jetpack_post_was_ever_published":false},"jetpack_shortlink":"https:\/\/wp.me\/P829eh-f","jetpack_sharing_enabled":true,"_links":{"self":[{"href":"https:\/\/beate-gerstenberger-ratzeburg.de\/index.php?rest_route=\/wp\/v2\/pages\/15"}],"collection":[{"href":"https:\/\/beate-gerstenberger-ratzeburg.de\/index.php?rest_route=\/wp\/v2\/pages"}],"about":[{"href":"https:\/\/beate-gerstenberger-ratzeburg.de\/index.php?rest_route=\/wp\/v2\/types\/page"}],"author":[{"embeddable":true,"href":"https:\/\/beate-gerstenberger-ratzeburg.de\/index.php?rest_route=\/wp\/v2\/users\/1"}],"replies":[{"embeddable":true,"href":"https:\/\/beate-gerstenberger-ratzeburg.de\/index.php?rest_route=%2Fwp%2Fv2%2Fcomments&post=15"}],"version-history":[{"count":4,"href":"https:\/\/beate-gerstenberger-ratzeburg.de\/index.php?rest_route=\/wp\/v2\/pages\/15\/revisions"}],"predecessor-version":[{"id":423,"href":"https:\/\/beate-gerstenberger-ratzeburg.de\/index.php?rest_route=\/wp\/v2\/pages\/15\/revisions\/423"}],"wp:attachment":[{"href":"https:\/\/beate-gerstenberger-ratzeburg.de\/index.php?rest_route=%2Fwp%2Fv2%2Fmedia&parent=15"}],"curies":[{"name":"wp","href":"https:\/\/api.w.org\/{rel}","templated":true}]}}