{"id":122,"date":"2016-08-05T07:23:14","date_gmt":"2016-08-05T07:23:14","guid":{"rendered":"http:\/\/beate-gerstenberger-ratzeburg.de\/?page_id=122"},"modified":"2018-02-04T10:05:27","modified_gmt":"2018-02-04T10:05:27","slug":"medienecho","status":"publish","type":"page","link":"https:\/\/beate-gerstenberger-ratzeburg.de\/?page_id=122","title":{"rendered":"Medienecho"},"content":{"rendered":"<p>Hier finden Sie einige Pressever\u00f6ffentlichungen der letzten Jahre<\/p>\n<h3><strong>WDR <\/strong>09.03.2017 Der\u00a0 &#8222;Menschen hautnah&#8220;\u00a0 <a href=\"http:\/\/www.ardmediathek.de\/tv\/Menschen-hautnah\/F%C3%BCr-dumm-erkl%C3%A4rt-Nenads-zweite-Chance\/WDR-Fernsehen\/Video?bcastId=7535538&amp;documentId=38434418\"><span style=\"color: #0000ff;\">F\u00fcr dumm erkl\u00e4rt &#8211; Nenads zweite Chance<\/span><\/a><\/h3>\n<h3><strong><span style=\"color: #ff0000;\">WAZ <\/span><\/strong>02.02.2016, <a href=\"http:\/\/www.derwesten.de\/staedte\/witten\/vermeintliches-adhs-entpuppt-sich-oft-als-sehfehler-id11521688.html\">Vermeintliches ADHS entpuppt sich oft als Sehfehler<\/a><\/h3>\n<h3><strong>Remscheider Generalanzeiger<\/strong> 01.11.2014, <a href=\"http:\/\/www.rga.de\/rhein-wupper\/hoch-noten-mies-begabte-kinder-foerdern-4331632.html\">IQ-hoch-Noten mies: Begabte Kinder f\u00f6rdern<\/a><\/h3>\n<h3><strong>Der Patriot<\/strong> 15.01.2013, <a href=\"https:\/\/www.derpatriot.de\/printstory?p_p_id=DetailedStory_WAR_portalsuite&amp;p_p_lifecycle=0&amp;_DetailedStory_WAR_portalsuite_arg_detailstory_uuid=9839fe4e-5445-4854-b940-b0f2e2bb80a7\"><strong>Fr\u00fcherkennung ist wichtig<\/strong><\/a><\/h3>\n<h3><strong>Soester Anzeiger<\/strong> 11.01.2013, <a href=\"https:\/\/www.soester-anzeiger.de\/lokales\/soest\/soest-neues-institut-hochbegabte-2694639.html\">Neues Institut f\u00fcr hochbegabte Kinder in Soest<\/a><\/h3>\n<h3><strong>ARD<\/strong>, 27.06.2010, Kleine Einsteins<\/h3>\n<h3><span style=\"color: #3366ff;\"><strong>Ruhr Nachrichten<\/strong><\/span> 02.08.2007,\u00a0 <a href=\"http:\/\/www.ruhrnachrichten.de\/staedte\/witten\/Kopfnoten-Skepsis-angebracht;art939,63363\">Kopfnoten: Skepsis angebracht?<\/a><\/h3>\n<h3><strong>WDR<\/strong>\u00a0 15.05.2007, Lokalzeit Wuppertal, Hochbegabte Sch\u00fcler<\/h3>\n<h3><strong>Solinger Tageblatt<\/strong> 20.09.2006, Einfach zu schlau f\u00fcr die Schule<\/h3>\n<h3><strong><span style=\"color: #ff0000;\">WAZ<\/span><\/strong> 17.08.2006, Sie denken schneller und querer<\/h3>\n<h3><strong>Solinger Tageblatt <\/strong>20.07.2006, Keine F\u00e4lle f\u00fcr die Psychiatrie<\/h3>\n<h3><strong><span style=\"color: #ff0000;\">Westf\u00e4lische Rundschau<\/span><\/strong> 28.09.2005, Fr\u00fch \u00fcbt sich &#8230; \u2013 Au\u00dfergew\u00f6hnliche Schnupperstunde f\u00fcr Begabte in Dorstfeld, Drei- bis Sechsj\u00e4hrige lernen Chinesisch im Kindergarten<\/h3>\n<h3><strong>Ruhr Nachrichten<\/strong> 28.09.2005, Schnick, Schnack, Schnuck auf Chinesisch<\/h3>\n<h3><span style=\"color: #ff0000;\"><strong>WAZ<\/strong><\/span> 04.06.2005, Das Drama eines hochbegabten Kindes &#8211; Maria und Hans-Georg Heinz m\u00f6chten Lehrer und Eltern f\u00fcr die Problematik sensibilisieren<\/h3>\n<h3><strong><span style=\"color: #ff0000;\">WAZ<\/span><\/strong>\u00a0 10.01.2004, Begabte Sch\u00fcler besser fo(e)rdern. Was tun, damit clevere Kinder sich nicht st\u00e4ndig unterfordert f\u00fchlen?<\/h3>\n<h3><strong>Hamburger Abendblatt<\/strong> 03.12.2003, F\u00f6rderung f\u00fcr Hochbegabte<\/h3>\n<h3><span style=\"color: #3366ff;\"><strong>Ruhr-Nachrichten<\/strong><\/span>, 21.02.2003, Schlau und problematisch &#8211; Nicht nur hoch, sondern auch besonders begabte Kinder k\u00f6nnen Schulprobleme haben<\/h3>\n<h3><span style=\"color: #3366ff;\">Ruhr-Nachrichten<\/span> 07.05.2003 Begabte brauchen Beratung Wittener Sozialp\u00e4dagogin hilft bei der Fr\u00fcherkennung<\/h3>\n<h3><span style=\"color: #3366ff;\"><strong>Ruhr Nachrichten<\/strong><\/span> 09.03.2002,\u00a0 &#8222;Lehrer kennen Probleme nicht&#8220;-Lob f\u00fcr die Arbeit mit begabten Kindern<\/h3>\n<h3><span style=\"color: #ff0000;\">WAZ <\/span>16.02.2002, Rohdiamanten schalten in der Schule ab<\/h3>\n<h3><strong><span style=\"color: #ff0000;\">WAZ <\/span><\/strong>08.11.2001, Begabte schalten in der Schule ab<\/h3>\n<h3><strong><span style=\"color: #3366ff;\">Ruhr-Nachrichten<\/span><\/strong> 31.10.2001 Heute im Gespr\u00e4ch &#8211; Beate Gerstenberger Auch Begabte fallen durch das Raster<\/h3>\n<h3><strong><span style=\"color: #ff0000;\">WAZ<\/span><\/strong> 03.2001, Schlechte Sch\u00fcler k\u00f6nnen sogar besonders begabt sein Unterforderung im Unterricht kann zur &#8222;inneren K\u00fcndigung&#8220; f\u00fchren<\/h3>\n<h3><strong><span style=\"color: #3366ff;\">Ruhr-Nachrichten<\/span><\/strong> 03.2001, Auch Begabte holen sich oft schlechte Noten<\/h3>\n<h3><strong><span style=\"color: #3366ff;\">Ruhr-Nachrichten<\/span><\/strong> 03.2001, Schlechte Sch\u00fcler m\u00fcssen nicht dumm sein. Auch Begabte bringen oft miserable Zeugnisse nach Hause<\/h3>\n<h3><strong><span style=\"color: #0000ff;\"><span style=\"color: #3366ff;\">\u00a0<\/span><\/span><\/strong><\/h3>\n<div class=\"sharedaddy sd-sharing-enabled\"><div class=\"robots-nocontent sd-block sd-social sd-social-icon sd-sharing\"><h3 class=\"sd-title\">Teilen mit:<\/h3><div class=\"sd-content\"><ul><li class=\"share-twitter\"><a rel=\"nofollow noopener noreferrer\" data-shared=\"sharing-twitter-122\" class=\"share-twitter sd-button share-icon no-text\" href=\"https:\/\/beate-gerstenberger-ratzeburg.de\/?page_id=122&amp;share=twitter\" target=\"_blank\" title=\"Klick, um \u00fcber Twitter zu teilen\" ><span><\/span><span class=\"sharing-screen-reader-text\">Klick, um \u00fcber Twitter zu teilen (Wird in neuem Fenster ge\u00f6ffnet)<\/span><\/a><\/li><li class=\"share-facebook\"><a rel=\"nofollow noopener noreferrer\" data-shared=\"sharing-facebook-122\" class=\"share-facebook sd-button share-icon no-text\" href=\"https:\/\/beate-gerstenberger-ratzeburg.de\/?page_id=122&amp;share=facebook\" target=\"_blank\" title=\"Klick, um auf Facebook zu teilen\" ><span><\/span><span class=\"sharing-screen-reader-text\">Klick, um auf Facebook zu teilen (Wird in neuem Fenster ge\u00f6ffnet)<\/span><\/a><\/li><li class=\"share-telegram\"><a rel=\"nofollow noopener noreferrer\" data-shared=\"\" class=\"share-telegram sd-button share-icon no-text\" href=\"https:\/\/beate-gerstenberger-ratzeburg.de\/?page_id=122&amp;share=telegram\" target=\"_blank\" title=\"Klicken, um auf Telegram zu teilen\" ><span><\/span><span class=\"sharing-screen-reader-text\">Klicken, um auf Telegram zu teilen (Wird in neuem Fenster ge\u00f6ffnet)<\/span><\/a><\/li><li class=\"share-pocket\"><a rel=\"nofollow noopener noreferrer\" data-shared=\"\" class=\"share-pocket sd-button share-icon no-text\" href=\"https:\/\/beate-gerstenberger-ratzeburg.de\/?page_id=122&amp;share=pocket\" target=\"_blank\" title=\"Klick, um auf Pocket zu teilen\" ><span><\/span><span class=\"sharing-screen-reader-text\">Klick, um auf Pocket zu teilen (Wird in neuem Fenster ge\u00f6ffnet)<\/span><\/a><\/li><li class=\"share-tumblr\"><a rel=\"nofollow noopener noreferrer\" data-shared=\"\" class=\"share-tumblr sd-button share-icon no-text\" href=\"https:\/\/beate-gerstenberger-ratzeburg.de\/?page_id=122&amp;share=tumblr\" target=\"_blank\" title=\"Klick, um auf Tumblr zu teilen\" ><span><\/span><span class=\"sharing-screen-reader-text\">Klick, um auf Tumblr zu teilen (Wird in neuem Fenster ge\u00f6ffnet)<\/span><\/a><\/li><li class=\"share-pinterest\"><a rel=\"nofollow noopener noreferrer\" data-shared=\"sharing-pinterest-122\" class=\"share-pinterest sd-button share-icon no-text\" href=\"https:\/\/beate-gerstenberger-ratzeburg.de\/?page_id=122&amp;share=pinterest\" target=\"_blank\" title=\"Klick, um auf Pinterest zu teilen\" ><span><\/span><span class=\"sharing-screen-reader-text\">Klick, um auf Pinterest zu teilen (Wird in neuem Fenster ge\u00f6ffnet)<\/span><\/a><\/li><li class=\"share-jetpack-whatsapp\"><a rel=\"nofollow noopener noreferrer\" data-shared=\"\" class=\"share-jetpack-whatsapp sd-button share-icon no-text\" href=\"https:\/\/beate-gerstenberger-ratzeburg.de\/?page_id=122&amp;share=jetpack-whatsapp\" target=\"_blank\" title=\"Klicken, um auf WhatsApp zu teilen\" ><span><\/span><span class=\"sharing-screen-reader-text\">Klicken, um auf WhatsApp zu teilen (Wird in neuem Fenster ge\u00f6ffnet)<\/span><\/a><\/li><li class=\"share-skype\"><a rel=\"nofollow noopener noreferrer\" data-shared=\"sharing-skype-122\" class=\"share-skype sd-button share-icon no-text\" href=\"https:\/\/beate-gerstenberger-ratzeburg.de\/?page_id=122&amp;share=skype\" target=\"_blank\" title=\"Klicken, um in Skype zu teilen\" ><span><\/span><span class=\"sharing-screen-reader-text\">Klicken, um in Skype zu teilen (Wird in neuem Fenster ge\u00f6ffnet)<\/span><\/a><\/li><li class=\"share-linkedin\"><a rel=\"nofollow noopener noreferrer\" data-shared=\"sharing-linkedin-122\" class=\"share-linkedin sd-button share-icon no-text\" href=\"https:\/\/beate-gerstenberger-ratzeburg.de\/?page_id=122&amp;share=linkedin\" target=\"_blank\" title=\"Klick, um auf LinkedIn zu teilen\" ><span><\/span><span class=\"sharing-screen-reader-text\">Klick, um auf LinkedIn zu teilen (Wird in neuem Fenster ge\u00f6ffnet)<\/span><\/a><\/li><li class=\"share-reddit\"><a rel=\"nofollow noopener noreferrer\" data-shared=\"\" class=\"share-reddit sd-button share-icon no-text\" href=\"https:\/\/beate-gerstenberger-ratzeburg.de\/?page_id=122&amp;share=reddit\" target=\"_blank\" title=\"Klick, um auf Reddit zu teilen\" ><span><\/span><span class=\"sharing-screen-reader-text\">Klick, um auf Reddit zu teilen (Wird in neuem Fenster ge\u00f6ffnet)<\/span><\/a><\/li><li class=\"share-email\"><a rel=\"nofollow noopener noreferrer\" data-shared=\"\" class=\"share-email sd-button share-icon no-text\" href=\"mailto:?subject=%5BGeteilter%20Beitrag%5D%20Medienecho&body=https%3A%2F%2Fbeate-gerstenberger-ratzeburg.de%2F%3Fpage_id%3D122&share=email\" target=\"_blank\" title=\"Klicken, um einem Freund einen Link per E-Mail zu senden\" data-email-share-error-title=\"Hast du E-Mail eingerichtet?\" data-email-share-error-text=\"Wenn du Probleme mit dem Teilen per E-Mail hast, ist E-Mail m\u00f6glicherweise nicht f\u00fcr deinen Browser eingerichtet. Du musst die neue E-Mail-Einrichtung m\u00f6glicherweise selbst vornehmen.\" data-email-share-nonce=\"d8567bbaaa\" data-email-share-track-url=\"https:\/\/beate-gerstenberger-ratzeburg.de\/?page_id=122&amp;share=email\"><span><\/span><span class=\"sharing-screen-reader-text\">Klicken, um einem Freund einen Link per E-Mail zu senden (Wird in neuem Fenster ge\u00f6ffnet)<\/span><\/a><\/li><li class=\"share-print\"><a rel=\"nofollow noopener noreferrer\" data-shared=\"\" class=\"share-print sd-button share-icon no-text\" href=\"https:\/\/beate-gerstenberger-ratzeburg.de\/?page_id=122\" target=\"_blank\" title=\"Klicken zum Ausdrucken\" ><span><\/span><span class=\"sharing-screen-reader-text\">Klicken zum Ausdrucken (Wird in neuem Fenster ge\u00f6ffnet)<\/span><\/a><\/li><li class=\"share-end\"><\/li><\/ul><\/div><\/div><\/div>","protected":false},"excerpt":{"rendered":"<p>Hier finden Sie einige Pressever\u00f6ffentlichungen der letzten Jahre WDR 09.03.2017 Der\u00a0 &#8222;Menschen hautnah&#8220;\u00a0 F\u00fcr dumm erkl\u00e4rt &#8211; Nenads zweite Chance WAZ 02.02.2016, Vermeintliches ADHS entpuppt sich oft als Sehfehler Remscheider Generalanzeiger 01.11.2014, IQ-hoch-Noten mies: Begabte Kinder f\u00f6rdern Der Patriot 15.01.2013, Fr\u00fcherkennung ist wichtig Soester Anzeiger 11.01.2013, Neues Institut f\u00fcr hochbegabte Kinder in Soest ARD, 27.06.2010, [&hellip;]<\/p>\n<div class=\"sharedaddy sd-sharing-enabled\"><div class=\"robots-nocontent sd-block sd-social sd-social-icon sd-sharing\"><h3 class=\"sd-title\">Teilen mit:<\/h3><div class=\"sd-content\"><ul><li class=\"share-twitter\"><a rel=\"nofollow noopener noreferrer\" data-shared=\"sharing-twitter-122\" class=\"share-twitter sd-button share-icon no-text\" href=\"https:\/\/beate-gerstenberger-ratzeburg.de\/?page_id=122&amp;share=twitter\" target=\"_blank\" title=\"Klick, um \u00fcber Twitter zu teilen\" ><span><\/span><span class=\"sharing-screen-reader-text\">Klick, um \u00fcber Twitter zu teilen (Wird in neuem Fenster ge\u00f6ffnet)<\/span><\/a><\/li><li class=\"share-facebook\"><a rel=\"nofollow noopener noreferrer\" data-shared=\"sharing-facebook-122\" class=\"share-facebook sd-button share-icon no-text\" href=\"https:\/\/beate-gerstenberger-ratzeburg.de\/?page_id=122&amp;share=facebook\" target=\"_blank\" title=\"Klick, um auf Facebook zu teilen\" ><span><\/span><span class=\"sharing-screen-reader-text\">Klick, um auf Facebook zu teilen (Wird in neuem Fenster ge\u00f6ffnet)<\/span><\/a><\/li><li class=\"share-telegram\"><a rel=\"nofollow noopener noreferrer\" data-shared=\"\" class=\"share-telegram sd-button share-icon no-text\" href=\"https:\/\/beate-gerstenberger-ratzeburg.de\/?page_id=122&amp;share=telegram\" target=\"_blank\" title=\"Klicken, um auf Telegram zu teilen\" ><span><\/span><span class=\"sharing-screen-reader-text\">Klicken, um auf Telegram zu teilen (Wird in neuem Fenster ge\u00f6ffnet)<\/span><\/a><\/li><li class=\"share-pocket\"><a rel=\"nofollow noopener noreferrer\" data-shared=\"\" class=\"share-pocket sd-button share-icon no-text\" href=\"https:\/\/beate-gerstenberger-ratzeburg.de\/?page_id=122&amp;share=pocket\" target=\"_blank\" title=\"Klick, um auf Pocket zu teilen\" ><span><\/span><span class=\"sharing-screen-reader-text\">Klick, um auf Pocket zu teilen (Wird in neuem Fenster ge\u00f6ffnet)<\/span><\/a><\/li><li class=\"share-tumblr\"><a rel=\"nofollow noopener noreferrer\" data-shared=\"\" class=\"share-tumblr sd-button share-icon no-text\" href=\"https:\/\/beate-gerstenberger-ratzeburg.de\/?page_id=122&amp;share=tumblr\" target=\"_blank\" title=\"Klick, um auf Tumblr zu teilen\" ><span><\/span><span class=\"sharing-screen-reader-text\">Klick, um auf Tumblr zu teilen (Wird in neuem Fenster ge\u00f6ffnet)<\/span><\/a><\/li><li class=\"share-pinterest\"><a rel=\"nofollow noopener noreferrer\" data-shared=\"sharing-pinterest-122\" class=\"share-pinterest sd-button share-icon no-text\" href=\"https:\/\/beate-gerstenberger-ratzeburg.de\/?page_id=122&amp;share=pinterest\" target=\"_blank\" title=\"Klick, um auf Pinterest zu teilen\" ><span><\/span><span class=\"sharing-screen-reader-text\">Klick, um auf Pinterest zu teilen (Wird in neuem Fenster ge\u00f6ffnet)<\/span><\/a><\/li><li class=\"share-jetpack-whatsapp\"><a rel=\"nofollow noopener noreferrer\" data-shared=\"\" class=\"share-jetpack-whatsapp sd-button share-icon no-text\" href=\"https:\/\/beate-gerstenberger-ratzeburg.de\/?page_id=122&amp;share=jetpack-whatsapp\" target=\"_blank\" title=\"Klicken, um auf WhatsApp zu teilen\" ><span><\/span><span class=\"sharing-screen-reader-text\">Klicken, um auf WhatsApp zu teilen (Wird in neuem Fenster ge\u00f6ffnet)<\/span><\/a><\/li><li class=\"share-skype\"><a rel=\"nofollow noopener noreferrer\" data-shared=\"sharing-skype-122\" class=\"share-skype sd-button share-icon no-text\" href=\"https:\/\/beate-gerstenberger-ratzeburg.de\/?page_id=122&amp;share=skype\" target=\"_blank\" title=\"Klicken, um in Skype zu teilen\" ><span><\/span><span class=\"sharing-screen-reader-text\">Klicken, um in Skype zu teilen (Wird in neuem Fenster ge\u00f6ffnet)<\/span><\/a><\/li><li class=\"share-linkedin\"><a rel=\"nofollow noopener noreferrer\" data-shared=\"sharing-linkedin-122\" class=\"share-linkedin sd-button share-icon no-text\" href=\"https:\/\/beate-gerstenberger-ratzeburg.de\/?page_id=122&amp;share=linkedin\" target=\"_blank\" title=\"Klick, um auf LinkedIn zu teilen\" ><span><\/span><span class=\"sharing-screen-reader-text\">Klick, um auf LinkedIn zu teilen (Wird in neuem Fenster ge\u00f6ffnet)<\/span><\/a><\/li><li class=\"share-reddit\"><a rel=\"nofollow noopener noreferrer\" data-shared=\"\" class=\"share-reddit sd-button share-icon no-text\" href=\"https:\/\/beate-gerstenberger-ratzeburg.de\/?page_id=122&amp;share=reddit\" target=\"_blank\" title=\"Klick, um auf Reddit zu teilen\" ><span><\/span><span class=\"sharing-screen-reader-text\">Klick, um auf Reddit zu teilen (Wird in neuem Fenster ge\u00f6ffnet)<\/span><\/a><\/li><li class=\"share-email\"><a rel=\"nofollow noopener noreferrer\" data-shared=\"\" class=\"share-email sd-button share-icon no-text\" href=\"mailto:?subject=%5BGeteilter%20Beitrag%5D%20Medienecho&body=https%3A%2F%2Fbeate-gerstenberger-ratzeburg.de%2F%3Fpage_id%3D122&share=email\" target=\"_blank\" title=\"Klicken, um einem Freund einen Link per E-Mail zu senden\" data-email-share-error-title=\"Hast du E-Mail eingerichtet?\" data-email-share-error-text=\"Wenn du Probleme mit dem Teilen per E-Mail hast, ist E-Mail m\u00f6glicherweise nicht f\u00fcr deinen Browser eingerichtet. Du musst die neue E-Mail-Einrichtung m\u00f6glicherweise selbst vornehmen.\" data-email-share-nonce=\"d8567bbaaa\" data-email-share-track-url=\"https:\/\/beate-gerstenberger-ratzeburg.de\/?page_id=122&amp;share=email\"><span><\/span><span class=\"sharing-screen-reader-text\">Klicken, um einem Freund einen Link per E-Mail zu senden (Wird in neuem Fenster ge\u00f6ffnet)<\/span><\/a><\/li><li class=\"share-print\"><a rel=\"nofollow noopener noreferrer\" data-shared=\"\" class=\"share-print sd-button share-icon no-text\" href=\"https:\/\/beate-gerstenberger-ratzeburg.de\/?page_id=122\" target=\"_blank\" title=\"Klicken zum Ausdrucken\" ><span><\/span><span class=\"sharing-screen-reader-text\">Klicken zum Ausdrucken (Wird in neuem Fenster ge\u00f6ffnet)<\/span><\/a><\/li><li class=\"share-end\"><\/li><\/ul><\/div><\/div><\/div>","protected":false},"author":1,"featured_media":0,"parent":65,"menu_order":0,"comment_status":"closed","ping_status":"closed","template":"","meta":{"jetpack_post_was_ever_published":false},"jetpack_shortlink":"https:\/\/wp.me\/P829eh-1Y","jetpack_sharing_enabled":true,"_links":{"self":[{"href":"https:\/\/beate-gerstenberger-ratzeburg.de\/index.php?rest_route=\/wp\/v2\/pages\/122"}],"collection":[{"href":"https:\/\/beate-gerstenberger-ratzeburg.de\/index.php?rest_route=\/wp\/v2\/pages"}],"about":[{"href":"https:\/\/beate-gerstenberger-ratzeburg.de\/index.php?rest_route=\/wp\/v2\/types\/page"}],"author":[{"embeddable":true,"href":"https:\/\/beate-gerstenberger-ratzeburg.de\/index.php?rest_route=\/wp\/v2\/users\/1"}],"replies":[{"embeddable":true,"href":"https:\/\/beate-gerstenberger-ratzeburg.de\/index.php?rest_route=%2Fwp%2Fv2%2Fcomments&post=122"}],"version-history":[{"count":15,"href":"https:\/\/beate-gerstenberger-ratzeburg.de\/index.php?rest_route=\/wp\/v2\/pages\/122\/revisions"}],"predecessor-version":[{"id":357,"href":"https:\/\/beate-gerstenberger-ratzeburg.de\/index.php?rest_route=\/wp\/v2\/pages\/122\/revisions\/357"}],"up":[{"embeddable":true,"href":"https:\/\/beate-gerstenberger-ratzeburg.de\/index.php?rest_route=\/wp\/v2\/pages\/65"}],"wp:attachment":[{"href":"https:\/\/beate-gerstenberger-ratzeburg.de\/index.php?rest_route=%2Fwp%2Fv2%2Fmedia&parent=122"}],"curies":[{"name":"wp","href":"https:\/\/api.w.org\/{rel}","templated":true}]}}